{"id":2,"date":"2024-11-06T16:31:58","date_gmt":"2024-11-06T15:31:58","guid":{"rendered":"https:\/\/www.levnymalir.cz\/?page_id=2"},"modified":"2024-12-25T12:30:40","modified_gmt":"2024-12-25T11:30:40","slug":"zkusebni-stranka","status":"publish","type":"page","link":"https:\/\/www.levnymalir.cz\/","title":{"rendered":""},"content":{"rendered":"\n<p class=\"has-text-align-center\">Prov\u00e1d\u00edme&nbsp;<strong>ve\u0161ker\u00e9 mal\u00ed\u0159sk\u00e9 pr\u00e1ce<\/strong>, p\u0159i kter\u00fdch pou\u017e\u00edv\u00e1me jen ty nejkvalitn\u011bj\u0161\u00ed n\u00e1t\u011brov\u00e9 hmoty a materi\u00e1ly.<\/p>\n\n\n\n<p class=\"has-text-align-center\">Na\u0161i firmu zastupuj\u00ed&nbsp;<strong>profesion\u00e1ln\u00ed mal\u00ed\u0159i<\/strong>, jejich\u017e prioritou je kvalitn\u011b odveden\u00e1 pr\u00e1ce a samoz\u0159ejmost\u00ed vst\u0159\u00edcn\u00fd p\u0159\u00edstup k z\u00e1kazn\u00edk\u016fm.<\/p>\n\n\n\n<p class=\"has-text-align-center\">V\u00fdsledkem jsou <strong>spokojen\u00ed klienti<\/strong>, kte\u0159\u00ed se k n\u00e1m opakovan\u011b vrac\u00ed a doporu\u010duj\u00ed na\u0161e slu\u017eby dal\u0161\u00edm z\u00e1kazn\u00edk\u016fm.<\/p>\n\n\n\n<p class=\"has-text-align-center\">Vyzkou\u0161ejte na\u0161e slu\u017eby a sami budete moci na\u0161e kvality posoudit.<\/p>\n","protected":false},"excerpt":{"rendered":"<p>Prov\u00e1d\u00edme&nbsp;ve\u0161ker\u00e9 mal\u00ed\u0159sk\u00e9 pr\u00e1ce, p\u0159i kter\u00fdch pou\u017e\u00edv\u00e1me jen ty nejkvalitn\u011bj\u0161\u00ed n\u00e1t\u011brov\u00e9 hmoty a materi\u00e1ly. Na\u0161i firmu zastupuj\u00ed&nbsp;profesion\u00e1ln\u00ed mal\u00ed\u0159i, jejich\u017e prioritou je kvalitn\u011b odveden\u00e1 pr\u00e1ce a samoz\u0159ejmost\u00ed vst\u0159\u00edcn\u00fd p\u0159\u00edstup k z\u00e1kazn\u00edk\u016fm. V\u00fdsledkem jsou spokojen\u00ed klienti, kte\u0159\u00ed se k n\u00e1m opakovan\u011b vrac\u00ed a doporu\u010duj\u00ed na\u0161e slu\u017eby dal\u0161\u00edm z\u00e1kazn\u00edk\u016fm. Vyzkou\u0161ejte na\u0161e slu\u017eby a sami [&hellip;]<\/p>\n","protected":false},"author":1,"featured_media":162,"parent":0,"menu_order":0,"comment_status":"closed","ping_status":"open","template":"","meta":{"_themeisle_gutenberg_block_has_review":false,"footnotes":""},"class_list":["post-2","page","type-page","status-publish","has-post-thumbnail","hentry"],"_links":{"self":[{"href":"https:\/\/www.levnymalir.cz\/index.php?rest_route=\/wp\/v2\/pages\/2","targetHints":{"allow":["GET"]}}],"collection":[{"href":"https:\/\/www.levnymalir.cz\/index.php?rest_route=\/wp\/v2\/pages"}],"about":[{"href":"https:\/\/www.levnymalir.cz\/index.php?rest_route=\/wp\/v2\/types\/page"}],"author":[{"embeddable":true,"href":"https:\/\/www.levnymalir.cz\/index.php?rest_route=\/wp\/v2\/users\/1"}],"replies":[{"embeddable":true,"href":"https:\/\/www.levnymalir.cz\/index.php?rest_route=%2Fwp%2Fv2%2Fcomments&post=2"}],"version-history":[{"count":8,"href":"https:\/\/www.levnymalir.cz\/index.php?rest_route=\/wp\/v2\/pages\/2\/revisions"}],"predecessor-version":[{"id":339,"href":"https:\/\/www.levnymalir.cz\/index.php?rest_route=\/wp\/v2\/pages\/2\/revisions\/339"}],"wp:featuredmedia":[{"embeddable":true,"href":"https:\/\/www.levnymalir.cz\/index.php?rest_route=\/wp\/v2\/media\/162"}],"wp:attachment":[{"href":"https:\/\/www.levnymalir.cz\/index.php?rest_route=%2Fwp%2Fv2%2Fmedia&parent=2"}],"curies":[{"name":"wp","href":"https:\/\/api.w.org\/{rel}","templated":true}]}}