{"id":22,"date":"2024-12-07T16:27:43","date_gmt":"2024-12-07T15:27:43","guid":{"rendered":"https:\/\/www.levnymalir.cz\/?page_id=22"},"modified":"2024-12-24T08:40:29","modified_gmt":"2024-12-24T07:40:29","slug":"nase-sluzby","status":"publish","type":"page","link":"https:\/\/www.levnymalir.cz\/?page_id=22","title":{"rendered":"Malov\u00e1n\u00ed"},"content":{"rendered":"\n<h3 class=\"wp-block-heading\">Pot\u0159ebujete vymalovat?<\/h3>\n\n\n\n<p>Na prvn\u00ed pohled se m\u016f\u017ee zd\u00e1t klasick\u00e1 v\u00fdmalba nudn\u00e1 a jednoduch\u00e1. Spousta z n\u00e1s se do takov\u00e9to \u010dinnosti pou\u0161t\u00ed bez pomoci kvalifikovan\u00fdch pracovn\u00edk\u016f ve snaze u\u0161et\u0159it \u010das i pen\u00edze na zd\u00e1nliv\u011b jednoduch\u00e9m \u00fakolu, jako je p\u0159et\u0159en\u00ed zdi vybranou barvou.<\/p>\n\n\n\n<p>\u010castokr\u00e1t v\u0161ak takov\u00e9to pokusy kon\u010d\u00ed p\u0159ivol\u00e1n\u00edm odborn\u00fdch firem a snaha u\u0161et\u0159it se r\u00e1zem prom\u011bn\u00ed ve ztr\u00e1tu drahocenn\u00e9ho \u010dasu i financ\u00ed.<\/p>\n\n\n\n<p>K malov\u00e1n\u00ed interi\u00e9ru je toti\u017e t\u0159eba mnohem v\u00edce zku\u0161enost\u00ed a p\u0159edev\u0161\u00edm <strong>informac\u00ed o zdech<\/strong>, na kter\u00e9 se barva nan\u00e1\u0161\u00ed. Prvn\u00ed informace, kterou s na\u0161imi z\u00e1kazn\u00edky d\u016fkladn\u011b rozebereme, se tedy t\u00fdk\u00e1 druhu jejich st\u011bn.<\/p>\n\n\n\n<p>D\u00e1le pak p\u0159ich\u00e1z\u00ed na \u0159adu poradenstv\u00ed ohledn\u011b <strong>vhodn\u00fdch barev<\/strong>. Z\u00e1kazn\u00edci si velmi \u010dasto p\u0159ej\u00ed pokoj nap\u0159. opticky zv\u011bt\u0161it, sn\u00ed\u017eit, zv\u00fd\u0161it, prosv\u011btlit atd. K tomu je nutn\u00e9 zn\u00e1t vlastnosti v\u0161ech barev.<\/p>\n\n\n\n<h5 class=\"wp-block-heading\">N\u00e1sleduj\u00ed p\u0159\u00edpravn\u00e9 mal\u00ed\u0159sk\u00e9 pr\u00e1ce:<\/h5>\n\n\n\n<ul class=\"wp-block-list\">\n<li>\u0161krab\u00e1n\u00ed star\u00fdch maleb pop\u0159\u00edpad\u011b tapet<\/li>\n\n\n\n<li>brou\u0161en\u00ed om\u00edtek<\/li>\n\n\n\n<li>penetrace<\/li>\n\n\n\n<li>\u0161tukov\u00e1n\u00ed<\/li>\n<\/ul>\n\n\n\n<p>Nab\u00edz\u00edme <strong>po\u010d\u00edta\u010dov\u00e9 m\u00edch\u00e1n\u00ed barev<\/strong> z nep\u0159ebern\u00e9ho mno\u017estv\u00ed odst\u00edn\u016f a druh\u016f i ekonomicky v\u00fdhodn\u00e9 nam\u00edch\u00e1n\u00ed barev p\u0159\u00edmo u z\u00e1kazn\u00edka.&nbsp;<\/p>\n\n\n\n<h5 class=\"wp-block-heading\">Prov\u00e1d\u00edme celou \u0161k\u00e1lu maleb:<\/h5>\n\n\n\n<ul class=\"wp-block-list\">\n<li>ot\u011bruvzdorn\u00e9 malby<\/li>\n\n\n\n<li>protipl\u00eds\u0148ov\u00e9 malby<\/li>\n\n\n\n<li>klasick\u00e9 malby<\/li>\n\n\n\n<li>t\u00f3novan\u00e9 malby<\/li>\n\n\n\n<li>linkov\u00e1n\u00ed<\/li>\n\n\n\n<li>mramorovan\u00e9 malby<\/li>\n\n\n\n<li>speci\u00e1ln\u00ed malby<\/li>\n\n\n\n<li>luxusn\u00ed malby<\/li>\n<\/ul>\n\n\n\n<p>Na\u0161\u00ed snahou je samoz\u0159ejm\u011b uspokojit z\u00e1kazn\u00edky v co <strong>nejkrat\u0161\u00edch term\u00ednech<\/strong>, co\u017e jist\u011b ocen\u00ed ka\u017ed\u00fd z v\u00e1s. Sv\u011b\u0159te tedy sv\u016fj projekt profesion\u00e1l\u016fm a zaru\u010den\u011b budete s v\u00fdsledkem spokojeni. T\u011b\u0161\u00edme se na spolupr\u00e1ci pr\u00e1v\u011b s V\u00e1mi!<\/p>\n\n\n\n<div style=\"height:30px\" aria-hidden=\"true\" class=\"wp-block-spacer\"><\/div>\n\n\n\n<div class=\"wp-block-buttons has-custom-font-size has-medium-font-size is-content-justification-center is-layout-flex wp-container-core-buttons-is-layout-c124d1c4 wp-block-buttons-is-layout-flex\">\n<div class=\"wp-block-button is-style-fill\"><a class=\"wp-block-button__link wp-element-button\" href=\"https:\/\/www.levnymalir.cz\/?page_id=292\">OBJEDNAT<\/a><\/div>\n<\/div>\n\n\n\n<div style=\"height:100px\" aria-hidden=\"true\" class=\"wp-block-spacer\"><\/div>\n","protected":false},"excerpt":{"rendered":"<p>Pot\u0159ebujete vymalovat? Na prvn\u00ed pohled se m\u016f\u017ee zd\u00e1t klasick\u00e1 v\u00fdmalba nudn\u00e1 a jednoduch\u00e1. Spousta z n\u00e1s se do takov\u00e9to \u010dinnosti pou\u0161t\u00ed bez pomoci kvalifikovan\u00fdch pracovn\u00edk\u016f ve snaze u\u0161et\u0159it \u010das i pen\u00edze na zd\u00e1nliv\u011b jednoduch\u00e9m \u00fakolu, jako je p\u0159et\u0159en\u00ed zdi vybranou barvou. \u010castokr\u00e1t v\u0161ak takov\u00e9to pokusy kon\u010d\u00ed p\u0159ivol\u00e1n\u00edm odborn\u00fdch firem a [&hellip;]<\/p>\n","protected":false},"author":1,"featured_media":162,"parent":0,"menu_order":0,"comment_status":"closed","ping_status":"closed","template":"","meta":{"_themeisle_gutenberg_block_has_review":false,"footnotes":""},"class_list":["post-22","page","type-page","status-publish","has-post-thumbnail","hentry"],"_links":{"self":[{"href":"https:\/\/www.levnymalir.cz\/index.php?rest_route=\/wp\/v2\/pages\/22","targetHints":{"allow":["GET"]}}],"collection":[{"href":"https:\/\/www.levnymalir.cz\/index.php?rest_route=\/wp\/v2\/pages"}],"about":[{"href":"https:\/\/www.levnymalir.cz\/index.php?rest_route=\/wp\/v2\/types\/page"}],"author":[{"embeddable":true,"href":"https:\/\/www.levnymalir.cz\/index.php?rest_route=\/wp\/v2\/users\/1"}],"replies":[{"embeddable":true,"href":"https:\/\/www.levnymalir.cz\/index.php?rest_route=%2Fwp%2Fv2%2Fcomments&post=22"}],"version-history":[{"count":19,"href":"https:\/\/www.levnymalir.cz\/index.php?rest_route=\/wp\/v2\/pages\/22\/revisions"}],"predecessor-version":[{"id":320,"href":"https:\/\/www.levnymalir.cz\/index.php?rest_route=\/wp\/v2\/pages\/22\/revisions\/320"}],"wp:featuredmedia":[{"embeddable":true,"href":"https:\/\/www.levnymalir.cz\/index.php?rest_route=\/wp\/v2\/media\/162"}],"wp:attachment":[{"href":"https:\/\/www.levnymalir.cz\/index.php?rest_route=%2Fwp%2Fv2%2Fmedia&parent=22"}],"curies":[{"name":"wp","href":"https:\/\/api.w.org\/{rel}","templated":true}]}}